{"id":3819,"date":"2023-05-31T18:54:21","date_gmt":"2023-05-31T18:54:21","guid":{"rendered":"https:\/\/healthplusin.org\/?page_id=3819"},"modified":"2023-05-31T19:17:54","modified_gmt":"2023-05-31T19:17:54","slug":"education","status":"publish","type":"page","link":"https:\/\/healthplusin.org\/ht\/education\/","title":{"rendered":"Edikasyon"},"content":{"rendered":"<p><strong>Edikasyon sou Rediksyon Risk VIH\/SIDA<\/strong><\/p>\n<p>Pwogram edikasyon an konsantre sou ogmante konsyantizasyon sou VIH\/SIDA, prevansyon ak enkyetid sosyal. Sesyon edikasyon sou Rediksyon Risk VIH\/SIDA yo konsiste de VIH\/SIDA\/MST 101 ak konpetans prevansyon.<\/p>\n<p>Prezantasyon edikasyon sou rediksyon risk VIH\/SIDA yo disponib pou lek\u00f2l, legliz, sant tretman dw\u00f2g, gwoup j\u00e8n ak nenp\u00f2t l\u00f2t gwoup ki enterese nan sesyon edikasyon yo. Si ou ta renmen pwograme yon prezantasyon edikasyon sou rediksyon risk VIH\/SIDA, tanpri kontakte Stephanie nan 574-234-2870 ekstansyon 30.<\/p>\n<p>Enf\u00f2masyon kons\u00e8nan enfeksyon ak transmisyon VIH, ansanm ak ent\u00e8vansyon nan kriz, disponib tou pou piblik la an jeneral, lendi jiska vandredi, 8:30 a.m. pou rive 4:30 p.m.<\/p>\n<p>Pwogram edikasyon an disponib tou pou fwa sante ak ev\u00e8nman kominot\u00e8 epi li planifye ev\u00e8nman sansibilizasyon pou jou ferye VIH tankou Jounen Nasyonal Sensibilizasyon sou VIH\/SIDA pou Nwa, Jounen Nasyonal Sensibilizasyon sou VIH\/SIDA pou Fanm ak Tifi, Jounen Nasyonal T\u00e8s VIH, ak Jounen Mondyal SIDA.<\/p>\n<p>Nou bay enf\u00f2masyon tou sou: Konp\u00f2tman ki gen risk nan transmisyon, matery\u00e8l lekti ak videyo ki gen rap\u00f2 ak VIH\/SIDA, ak atik\/matery\u00e8l kons\u00e8nan terapi dw\u00f2g VIH.<\/p>\n<p>Sonje sa\u00a0<strong>prevansyon se kle a<\/strong>\u00a0pou fini ak maladi sa a!<\/p>\n<p>Pou plis konesans sou transmisyon VIH\/SIDA, men k\u00e8k lyen ki ka itil ou:<br \/>\n<a href=\"http:\/\/www.thebody.com\/\" target=\"_blank\" rel=\"noopener\">\u201cResous Enf\u00f2masyon sou VIH\/SIDA &quot;K\u00f2 a&quot;<\/a><br \/>\n<a href=\"http:\/\/www.in.gov\/isdh\/17397.htm\" target=\"_blank\" rel=\"noopener\">Divizyon VIH\/IST ISDH la<\/a><br \/>\n<a href=\"https:\/\/www.cdc.gov\/hiv\/basics\/prevention.html\" target=\"_blank\" rel=\"noopener\">Sant pou Kontw\u00f2l ak Prevansyon VIH Maladi\u00a0<\/a><\/p>","protected":false},"excerpt":{"rendered":"<p>HIV\/AIDS Risk Reduction Education The education program is concerned with raising HIV\/AIDS awareness, prevention and social concern. HIV\/AIDS Risk Reduction education sessions consist of HIV\/AIDS\/STD 101 and Prevention skills. HIV\/AIDS [&hellip;]<\/p>","protected":false},"author":1,"featured_media":0,"parent":0,"menu_order":0,"comment_status":"closed","ping_status":"closed","template":"","meta":{"_acf_changed":false,"site-sidebar-layout":"default","site-content-layout":"default","ast-site-content-layout":"default","site-content-style":"default","site-sidebar-style":"default","ast-global-header-display":"","ast-banner-title-visibility":"","ast-main-header-display":"","ast-hfb-above-header-display":"","ast-hfb-below-header-display":"","ast-hfb-mobile-header-display":"","site-post-title":"","ast-breadcrumbs-content":"","ast-featured-img":"","footer-sml-layout":"","ast-disable-related-posts":"","theme-transparent-header-meta":"default","adv-header-id-meta":"","stick-header-meta":"","header-above-stick-meta":"","header-main-stick-meta":"","header-below-stick-meta":"","astra-migrate-meta-layouts":"default","ast-page-background-enabled":"default","ast-page-background-meta":{"desktop":{"background-color":"var(--ast-global-color-4)","background-image":"","background-repeat":"repeat","background-position":"center center","background-size":"auto","background-attachment":"scroll","background-type":"","background-media":"","overlay-type":"","overlay-color":"","overlay-opacity":"","overlay-gradient":""},"tablet":{"background-color":"","background-image":"","background-repeat":"repeat","background-position":"center center","background-size":"auto","background-attachment":"scroll","background-type":"","background-media":"","overlay-type":"","overlay-color":"","overlay-opacity":"","overlay-gradient":""},"mobile":{"background-color":"","background-image":"","background-repeat":"repeat","background-position":"center center","background-size":"auto","background-attachment":"scroll","background-type":"","background-media":"","overlay-type":"","overlay-color":"","overlay-opacity":"","overlay-gradient":""}},"ast-content-background-meta":{"desktop":{"background-color":"var(--ast-global-color-5)","background-image":"","background-repeat":"repeat","background-position":"center center","background-size":"auto","background-attachment":"scroll","background-type":"","background-media":"","overlay-type":"","overlay-color":"","overlay-opacity":"","overlay-gradient":""},"tablet":{"background-color":"var(--ast-global-color-5)","background-image":"","background-repeat":"repeat","background-position":"center center","background-size":"auto","background-attachment":"scroll","background-type":"","background-media":"","overlay-type":"","overlay-color":"","overlay-opacity":"","overlay-gradient":""},"mobile":{"background-color":"var(--ast-global-color-5)","background-image":"","background-repeat":"repeat","background-position":"center center","background-size":"auto","background-attachment":"scroll","background-type":"","background-media":"","overlay-type":"","overlay-color":"","overlay-opacity":"","overlay-gradient":""}},"footnotes":""},"class_list":["post-3819","page","type-page","status-publish","hentry"],"acf":[],"_links":{"self":[{"href":"https:\/\/healthplusin.org\/ht\/wp-json\/wp\/v2\/pages\/3819","targetHints":{"allow":["GET"]}}],"collection":[{"href":"https:\/\/healthplusin.org\/ht\/wp-json\/wp\/v2\/pages"}],"about":[{"href":"https:\/\/healthplusin.org\/ht\/wp-json\/wp\/v2\/types\/page"}],"author":[{"embeddable":true,"href":"https:\/\/healthplusin.org\/ht\/wp-json\/wp\/v2\/users\/1"}],"replies":[{"embeddable":true,"href":"https:\/\/healthplusin.org\/ht\/wp-json\/wp\/v2\/comments?post=3819"}],"version-history":[{"count":0,"href":"https:\/\/healthplusin.org\/ht\/wp-json\/wp\/v2\/pages\/3819\/revisions"}],"wp:attachment":[{"href":"https:\/\/healthplusin.org\/ht\/wp-json\/wp\/v2\/media?parent=3819"}],"curies":[{"name":"wp","href":"https:\/\/api.w.org\/{rel}","templated":true}]}}