{"id":3812,"date":"2023-05-31T18:37:24","date_gmt":"2023-05-31T18:37:24","guid":{"rendered":"https:\/\/healthplusin.org\/?page_id=3812"},"modified":"2023-09-14T18:30:30","modified_gmt":"2023-09-14T18:30:30","slug":"prevention-and-outreach","status":"publish","type":"page","link":"https:\/\/healthplusin.org\/ht\/prevention-and-outreach\/","title":{"rendered":"Prevansyon ak Sensibilizasyon"},"content":{"rendered":"<div data-elementor-type=\"wp-page\" data-elementor-id=\"3812\" class=\"elementor elementor-3812\" data-elementor-post-type=\"page\">\n\t\t\t\t\t\t<section class=\"elementor-section elementor-top-section elementor-element elementor-element-64806886 elementor-section-boxed elementor-section-height-default elementor-section-height-default\" data-id=\"64806886\" data-element_type=\"section\">\n\t\t\t\t\t\t<div class=\"elementor-container elementor-column-gap-default\">\n\t\t\t\t\t<div class=\"elementor-column elementor-col-100 elementor-top-column elementor-element elementor-element-1764d014\" data-id=\"1764d014\" data-element_type=\"column\">\n\t\t\t<div class=\"elementor-widget-wrap elementor-element-populated\">\n\t\t\t\t\t\t<div class=\"elementor-element elementor-element-d7ace4a elementor-widget elementor-widget-image\" data-id=\"d7ace4a\" data-element_type=\"widget\" data-widget_type=\"image.default\">\n\t\t\t\t<div class=\"elementor-widget-container\">\n\t\t\t\t\t\t\t\t\t\t\t\t\t\t\t<img fetchpriority=\"high\" decoding=\"async\" width=\"768\" height=\"461\" src=\"https:\/\/healthplusin.org\/wp-content\/uploads\/2023\/05\/7-1-768x461.png\" class=\"attachment-medium_large size-medium_large wp-image-3771\" alt=\"\" srcset=\"https:\/\/healthplusin.org\/wp-content\/uploads\/2023\/05\/7-1-768x461.png 768w, https:\/\/healthplusin.org\/wp-content\/uploads\/2023\/05\/7-1-300x180.png 300w, https:\/\/healthplusin.org\/wp-content\/uploads\/2023\/05\/7-1-1024x614.png 1024w, https:\/\/healthplusin.org\/wp-content\/uploads\/2023\/05\/7-1.png 1500w\" sizes=\"(max-width: 768px) 100vw, 768px\" \/>\t\t\t\t\t\t\t\t\t\t\t\t\t\t\t<\/div>\n\t\t\t\t<\/div>\n\t\t\t\t<div class=\"elementor-element elementor-element-a4d171b elementor-widget elementor-widget-heading\" data-id=\"a4d171b\" data-element_type=\"widget\" data-widget_type=\"heading.default\">\n\t\t\t\t<div class=\"elementor-widget-container\">\n\t\t\t\t\t<h2 class=\"elementor-heading-title elementor-size-default\">T\u00e8s VIH, Epatit C, ak MST gratis<\/h2>\t\t\t\t<\/div>\n\t\t\t\t<\/div>\n\t\t\t\t<div class=\"elementor-element elementor-element-9676aac elementor-widget elementor-widget-text-editor\" data-id=\"9676aac\" data-element_type=\"widget\" data-widget_type=\"text-editor.default\">\n\t\t\t\t<div class=\"elementor-widget-container\">\n\t\t\t\t\t\t\t\t\t<p><span style=\"caret-color: #000000; color: var( --e-global-color-text ); font-family: var( --e-global-typography-text-font-family ), Sans-serif; background-color: var( --e-global-color-18a8986 );\">S\u00e8vis t\u00e8s depistaj VIH, Epatit C, Sifilis, Gonore, ak Klamidya gratis disponib pou piblik la. Pa bezwen pran randevou, men yo disponib.&nbsp;<\/span>Tou d\u00e8ny\u00e8man, nou te kapab ofri randevou pou f\u00e8 t\u00e8s depistaj ak twous oto-t\u00e8s VIH atrav\u00e8 p\u00f2tal anliy nou an sou sitw\u00e8b nou an. Kliyan yo ka chwazi ki l\u00e8 ak ki kote yo vle f\u00e8 t\u00e8s la.&nbsp;<span style=\"color: var( --e-global-color-text ); font-family: var( --e-global-typography-text-font-family ), Sans-serif; background-color: var( --e-global-color-18a8986 );\">T\u00e8s rapid VIH disponib tou. Li pran mwens pase 1 minit pou konnen estati VIH ou!<\/span><\/p>\t\t\t\t\t\t\t\t<\/div>\n\t\t\t\t<\/div>\n\t\t\t\t<div class=\"elementor-element elementor-element-506c06d uael-button-halign-center uael-button-stack-none elementor-widget elementor-widget-uael-buttons\" data-id=\"506c06d\" data-element_type=\"widget\" data-widget_type=\"uael-buttons.default\">\n\t\t\t\t<div class=\"elementor-widget-container\">\n\t\t\t\t\t\t\t<div class=\"uael-dual-button-outer-wrap\">\n\t\t\t<div class=\"uael-dual-button-wrap\">\n\t\t\t\t\t\t\t\t<div class=\"uael-button-wrapper uael-dual-button elementor-widget-button elementor-repeater-item-efd085d uael-dual-button-0\">\n\t\t\t\t\t<a class=\"elementor-button-link elementor-button elementor-size-sm elementor-button-link\" href=\"https:\/\/hpi.jotform.com\/team\/testing\/location-select\/\">\n\t\t\t\t\t\t\t\t<span class=\"elementor-button-content-wrapper uael-buttons-icon-left\">\n\t\t\t\t\t\t\t\t\t\t\t\t<span class=\"elementor-align-icon-left elementor-button-icon\">\n\t\t\t\t\t\t<i aria-hidden=\"true\" class=\"far fa-calendar-check\"><\/i>\t\t\t\t\t<\/span>\n\t\t\t\t\t\t\t\t\t\t<span class=\"elementor-button-text elementor-inline-editing\" data-elementor-setting-key=\"buttons.0.text\" data-elementor-inline-editing-toolbar=\"none\">Pwograme T\u00e8s<\/span>\n\t\t<\/span>\n\t\t\t\t\t\t\t<\/a>\n\t\t\t\t<\/div>\n\t\t\t\t\t\t\t\t<div class=\"uael-button-wrapper uael-dual-button elementor-widget-button elementor-repeater-item-0d01232 uael-dual-button-1\">\n\t\t\t\t\t<a class=\"elementor-button-link elementor-button elementor-size-sm elementor-button-link\" href=\"https:\/\/docs.google.com\/forms\/d\/e\/1FAIpQLSdfvXHWQv0NY5eb9K6Su6IaCF-55MGQBhMBiO8l9134x7pFYQ\/viewform\">\n\t\t\t\t\t\t\t\t<span class=\"elementor-button-content-wrapper uael-buttons-icon-left elementor-button-content-wrapper uael-buttons-icon-left\">\n\t\t\t\t\t\t\t\t\t\t\t\t<span class=\"elementor-align-icon-left elementor-button-icon\">\n\t\t\t\t\t\t<i aria-hidden=\"true\" class=\"fas fa-shopping-cart\"><\/i>\t\t\t\t\t<\/span>\n\t\t\t\t\t\t\t\t\t\t<span class=\"elementor-button-text elementor-inline-editing\" data-elementor-setting-key=\"buttons.1.text\" data-elementor-inline-editing-toolbar=\"none\">K\u00f2mande T\u00e8s Otomatik<\/span>\n\t\t<\/span>\n\t\t\t\t\t\t\t<\/a>\n\t\t\t\t<\/div>\n\t\t\t\t\t\t\t\t<div class=\"uael-button-wrapper uael-dual-button elementor-widget-button elementor-repeater-item-95b61b9 uael-dual-button-2\">\n\t\t\t\t\t<a class=\"elementor-button-link elementor-button elementor-size-sm elementor-button-link\" href=\"https:\/\/healthplusin.org\/ht\/testing\/\">\n\t\t\t\t\t\t\t\t<span class=\"elementor-button-content-wrapper uael-buttons-icon-left elementor-button-content-wrapper uael-buttons-icon-left elementor-button-content-wrapper uael-buttons-icon-left\">\n\t\t\t\t\t\t\t\t\t\t\t\t<span class=\"elementor-align-icon-left elementor-button-icon\">\n\t\t\t\t\t\t<i aria-hidden=\"true\" class=\"far fa-list-alt\"><\/i>\t\t\t\t\t<\/span>\n\t\t\t\t\t\t\t\t\t\t<span class=\"elementor-button-text elementor-inline-editing\" data-elementor-setting-key=\"buttons.2.text\" data-elementor-inline-editing-toolbar=\"none\">Evalye Risk VIH la<\/span>\n\t\t<\/span>\n\t\t\t\t\t\t\t<\/a>\n\t\t\t\t<\/div>\n\t\t\t\t\t\t\t<\/div>\n\t\t<\/div>\n\t\t\t\t\t\t<\/div>\n\t\t\t\t<\/div>\n\t\t\t\t<div class=\"elementor-element elementor-element-acd9c1a elementor-widget elementor-widget-heading\" data-id=\"acd9c1a\" data-element_type=\"widget\" data-widget_type=\"heading.default\">\n\t\t\t\t<div class=\"elementor-widget-container\">\n\t\t\t\t\t<h2 class=\"elementor-heading-title elementor-size-default\">Edikasyon sou Prevansyon\n\n<\/h2>\t\t\t\t<\/div>\n\t\t\t\t<\/div>\n\t\t\t\t<div class=\"elementor-element elementor-element-7bbd7d4 elementor-widget elementor-widget-text-editor\" data-id=\"7bbd7d4\" data-element_type=\"widget\" data-widget_type=\"text-editor.default\">\n\t\t\t\t<div class=\"elementor-widget-container\">\n\t\t\t\t\t\t\t\t\t<p>Pwogram edikasyon nou an, ki ankouraje aktivite nan dom\u00e8n sansibilizasyon, prevansyon ak enkyetid sosyal sou VIH\/SIDA, egalman enp\u00f2tan nan ef\u00f2 prevansyon nou yo. Edikasyon sou prevansyon se yon s\u00e8vis ki f\u00e8t pou edike moun yo yon fason ki sansib a kilti pou yo ka f\u00e8 chwa konp\u00f2tman ki an sante. Prezantasyon ak atelye edikatif yo f\u00e8t nan biznis lokal yo, ajans sante mantal, \u00f2ganizasyon sivik ak ajans tretman pou dejwe.<\/p>\t\t\t\t\t\t\t\t<\/div>\n\t\t\t\t<\/div>\n\t\t\t\t<div class=\"elementor-element elementor-element-8c245b5 elementor-widget elementor-widget-heading\" data-id=\"8c245b5\" data-element_type=\"widget\" data-widget_type=\"heading.default\">\n\t\t\t\t<div class=\"elementor-widget-container\">\n\t\t\t\t\t<h2 class=\"elementor-heading-title elementor-size-default\">PrEP<\/h2>\t\t\t\t<\/div>\n\t\t\t\t<\/div>\n\t\t\t\t<div class=\"elementor-element elementor-element-49f4ada elementor-widget elementor-widget-text-editor\" data-id=\"49f4ada\" data-element_type=\"widget\" data-widget_type=\"text-editor.default\">\n\t\t\t\t<div class=\"elementor-widget-container\">\n\t\t\t\t\t\t\t\t\t<p>Klinik PrEP vity\u00e8l Health Plus Indiana a fonksyone chak m\u00e8kredi. Kow\u00f2donat\u00e8 PrEP nou an swiv kliyan an pandan tout pwosesis PrEP a pou asire ke yo resevwa pi bon swen posib la. Kow\u00f2donat\u00e8 PrEP a asire tou ke li enskri kliyan yo nan asirans si yo pa gen asirans. Kounye a, PrEP gratis pou tout moun pou anpeche pwopagasyon VIH la.<\/p>\t\t\t\t\t\t\t\t<\/div>\n\t\t\t\t<\/div>\n\t\t\t\t<div class=\"elementor-element elementor-element-34c4316 elementor-widget elementor-widget-heading\" data-id=\"34c4316\" data-element_type=\"widget\" data-widget_type=\"heading.default\">\n\t\t\t\t<div class=\"elementor-widget-container\">\n\t\t\t\t\t<h2 class=\"elementor-heading-title elementor-size-default\">Kontak nan lari ak rediksyon domaj\n<\/h2>\t\t\t\t<\/div>\n\t\t\t\t<\/div>\n\t\t\t\t<div class=\"elementor-element elementor-element-2db2598 elementor-widget elementor-widget-text-editor\" data-id=\"2db2598\" data-element_type=\"widget\" data-widget_type=\"text-editor.default\">\n\t\t\t\t<div class=\"elementor-widget-container\">\n\t\t\t\t\t\t\t\t\t<p>Pwogram Kontak Lari nou an travay dir\u00e8kteman av\u00e8k kliyan ki nan lari a. Pwogram rediksyon domaj sa a konsantre sou travay\u00e8 s\u00e8ks, moun ki san kay, ak popilasyon ki itilize dw\u00f2g enjektab. Objektif pwogram nan se pou kontakte popilasyon sa yo epi ofri yo sip\u00f2 yo bezwen an epi refere yo bay s\u00e8vis yo bezwen yo. Nou bay tou twous ak founiti pou rediksyon domaj. Ekip Kontak Lari a f\u00e8 netwayaj pak ak koleksyon zegwi tou.<\/p>\t\t\t\t\t\t\t\t<\/div>\n\t\t\t\t<\/div>\n\t\t\t\t<div class=\"elementor-element elementor-element-ef5fa21 elementor-widget elementor-widget-heading\" data-id=\"ef5fa21\" data-element_type=\"widget\" data-widget_type=\"heading.default\">\n\t\t\t\t<div class=\"elementor-widget-container\">\n\t\t\t\t\t<h2 class=\"elementor-heading-title elementor-size-default\">HEP Konekte\n\n<\/h2>\t\t\t\t<\/div>\n\t\t\t\t<\/div>\n\t\t\t\t<div class=\"elementor-element elementor-element-c6bd45f elementor-widget elementor-widget-text-editor\" data-id=\"c6bd45f\" data-element_type=\"widget\" data-widget_type=\"text-editor.default\">\n\t\t\t\t<div class=\"elementor-widget-container\">\n\t\t\t\t\t\t\t\t\t<p>Atrav\u00e8 pwogram HEP Connect la, kliyan yo sibi t\u00e8s epi yo konekte yo ak tretman HEP C. Tout patisipan nan pwogram sa a resevwa yon responsab ka pou ede yo nan pwosesis gerizon an. Yo resevwa asistans ak bezwen medikal ak sosyal yo.<\/p>\t\t\t\t\t\t\t\t<\/div>\n\t\t\t\t<\/div>\n\t\t\t\t\t<\/div>\n\t\t<\/div>\n\t\t\t\t\t<\/div>\n\t\t<\/section>\n\t\t\t\t<\/div>","protected":false},"excerpt":{"rendered":"<p>Free HIV, HEP C, &amp; STD Testing Free HIV, Hepatitis C, Syphilis, Gonorrhea, and Chlamydia&nbsp;Testing Services are available to the public. No appointment is necessary, but they are available.&nbsp;Most recently, [&hellip;]<\/p>","protected":false},"author":1,"featured_media":0,"parent":0,"menu_order":0,"comment_status":"closed","ping_status":"closed","template":"","meta":{"_acf_changed":false,"site-sidebar-layout":"default","site-content-layout":"default","ast-site-content-layout":"default","site-content-style":"default","site-sidebar-style":"default","ast-global-header-display":"","ast-banner-title-visibility":"","ast-main-header-display":"","ast-hfb-above-header-display":"","ast-hfb-below-header-display":"","ast-hfb-mobile-header-display":"","site-post-title":"","ast-breadcrumbs-content":"","ast-featured-img":"","footer-sml-layout":"","ast-disable-related-posts":"","theme-transparent-header-meta":"default","adv-header-id-meta":"","stick-header-meta":"","header-above-stick-meta":"","header-main-stick-meta":"","header-below-stick-meta":"","astra-migrate-meta-layouts":"default","ast-page-background-enabled":"default","ast-page-background-meta":{"desktop":{"background-color":"var(--ast-global-color-4)","background-image":"","background-repeat":"repeat","background-position":"center center","background-size":"auto","background-attachment":"scroll","background-type":"","background-media":"","overlay-type":"","overlay-color":"","overlay-opacity":"","overlay-gradient":""},"tablet":{"background-color":"","background-image":"","background-repeat":"repeat","background-position":"center center","background-size":"auto","background-attachment":"scroll","background-type":"","background-media":"","overlay-type":"","overlay-color":"","overlay-opacity":"","overlay-gradient":""},"mobile":{"background-color":"","background-image":"","background-repeat":"repeat","background-position":"center center","background-size":"auto","background-attachment":"scroll","background-type":"","background-media":"","overlay-type":"","overlay-color":"","overlay-opacity":"","overlay-gradient":""}},"ast-content-background-meta":{"desktop":{"background-color":"var(--ast-global-color-5)","background-image":"","background-repeat":"repeat","background-position":"center center","background-size":"auto","background-attachment":"scroll","background-type":"","background-media":"","overlay-type":"","overlay-color":"","overlay-opacity":"","overlay-gradient":""},"tablet":{"background-color":"var(--ast-global-color-5)","background-image":"","background-repeat":"repeat","background-position":"center center","background-size":"auto","background-attachment":"scroll","background-type":"","background-media":"","overlay-type":"","overlay-color":"","overlay-opacity":"","overlay-gradient":""},"mobile":{"background-color":"var(--ast-global-color-5)","background-image":"","background-repeat":"repeat","background-position":"center center","background-size":"auto","background-attachment":"scroll","background-type":"","background-media":"","overlay-type":"","overlay-color":"","overlay-opacity":"","overlay-gradient":""}},"footnotes":""},"class_list":["post-3812","page","type-page","status-publish","hentry"],"acf":[],"_links":{"self":[{"href":"https:\/\/healthplusin.org\/ht\/wp-json\/wp\/v2\/pages\/3812","targetHints":{"allow":["GET"]}}],"collection":[{"href":"https:\/\/healthplusin.org\/ht\/wp-json\/wp\/v2\/pages"}],"about":[{"href":"https:\/\/healthplusin.org\/ht\/wp-json\/wp\/v2\/types\/page"}],"author":[{"embeddable":true,"href":"https:\/\/healthplusin.org\/ht\/wp-json\/wp\/v2\/users\/1"}],"replies":[{"embeddable":true,"href":"https:\/\/healthplusin.org\/ht\/wp-json\/wp\/v2\/comments?post=3812"}],"version-history":[{"count":0,"href":"https:\/\/healthplusin.org\/ht\/wp-json\/wp\/v2\/pages\/3812\/revisions"}],"wp:attachment":[{"href":"https:\/\/healthplusin.org\/ht\/wp-json\/wp\/v2\/media?parent=3812"}],"curies":[{"name":"wp","href":"https:\/\/api.w.org\/{rel}","templated":true}]}}