{"id":2029,"date":"2022-02-08T11:08:34","date_gmt":"2022-02-08T11:08:34","guid":{"rendered":"https:\/\/healthplusin.org\/?page_id=2029"},"modified":"2024-11-20T11:18:46","modified_gmt":"2024-11-20T16:18:46","slug":"privacy-policy","status":"publish","type":"page","link":"https:\/\/healthplusin.org\/ht\/about-us\/privacy-policy\/","title":{"rendered":"R\u00e8gleman sou enf\u00f2masyon prive"},"content":{"rendered":"<div data-elementor-type=\"wp-page\" data-elementor-id=\"2029\" class=\"elementor elementor-2029\" data-elementor-post-type=\"page\">\n\t\t\t\t\t\t<section class=\"elementor-section elementor-top-section elementor-element elementor-element-6c40509 elementor-section-boxed elementor-section-height-default elementor-section-height-default\" data-id=\"6c40509\" data-element_type=\"section\">\n\t\t\t\t\t\t<div class=\"elementor-container elementor-column-gap-default\">\n\t\t\t\t\t<div class=\"elementor-column elementor-col-100 elementor-top-column elementor-element elementor-element-80249c8\" data-id=\"80249c8\" data-element_type=\"column\">\n\t\t\t<div class=\"elementor-widget-wrap elementor-element-populated\">\n\t\t\t\t\t\t<div class=\"elementor-element elementor-element-bd74b29 elementor-widget__width-initial elementor-widget elementor-widget-text-editor\" data-id=\"bd74b29\" data-element_type=\"widget\" data-widget_type=\"text-editor.default\">\n\t\t\t\t<div class=\"elementor-widget-container\">\n\t\t\t\t\t\t\t\t\t<p>R\u00e8gleman sou enf\u00f2masyon prive sa a etabli kijan Health Plus Indiana itilize epi pwoteje nenp\u00f2t enf\u00f2masyon ou bay Health Plus Indiana l\u00e8 w ap itilize sit ent\u00e8n\u00e8t sa a. Health Plus Indiana angaje l pou asire ke vi prive w la pwoteje. Si nou ta mande w pou w bay s\u00e8ten enf\u00f2masyon ki ka idantifye w l\u00e8 w ap itilize sit ent\u00e8n\u00e8t sa a, ou m\u00e8t asire w ke y ap itilize l s\u00e8lman an ak\u00f2 av\u00e8k deklarasyon sou enf\u00f2masyon prive sa a. Health Plus Indiana ka chanje r\u00e8gleman sa a detanzantan l\u00e8 l mete paj sa a ajou. Ou ta dwe tcheke paj sa a detanzantan pou asire w ke w dak\u00f2 ak nenp\u00f2t chanjman. R\u00e8gleman sa a an vig\u00e8 depi 4\/1\/13.\u00a0<\/p><h3>Sa nou kolekte<\/h3><p>Nou ka kolekte enf\u00f2masyon sa yo:<\/p><ul><li>Non<\/li><li>Enf\u00f2masyon pou kontakte ki gen ladan adr\u00e8s imel<\/li><li>L\u00f2t enf\u00f2masyon ki enp\u00f2tan pou sondaj kliyan ak\/oswa \u00f2f<\/li><\/ul>\t\t\t\t\t\t\t\t<\/div>\n\t\t\t\t<\/div>\n\t\t\t\t<div class=\"elementor-element elementor-element-b639aa9 elementor-widget elementor-widget-text-editor\" data-id=\"b639aa9\" data-element_type=\"widget\" data-widget_type=\"text-editor.default\">\n\t\t\t\t<div class=\"elementor-widget-container\">\n\t\t\t\t\t\t\t\t\t<div><h3 style=\"font-style: normal;\">Sa nou f\u00e8 ak enf\u00f2masyon nou ranmase yo<\/h3><\/div><div><p>Nou bezwen enf\u00f2masyon sa a pou nou ka konprann bezwen ou yo epi ba ou yon pi bon s\u00e8vis, sitou pou rezon sa yo:<\/p><ul><li>Kenbe dosye ent\u00e8n.<\/li><li>Nou ka itilize enf\u00f2masyon yo pou amelyore pwodwi ak s\u00e8vis nou yo.<\/li><li>Nou ka voye im\u00e8l pwomosyon\u00e8l detanzantan sou nouvo pwodwi, \u00f2f espesyal oswa l\u00f2t enf\u00f2masyon ke nou panse ki ka enterese w l\u00e8 w s\u00e8vi ak adr\u00e8s im\u00e8l ou te bay la.<\/li><li>De tan zan tan, nou ka itilize enf\u00f2masyon ou yo tou pou kontakte ou pou rezon rech\u00e8ch sou mache a. Nou ka kontakte ou pa im\u00e8l, telef\u00f2n, faks oswa lap\u00f2s.<\/li><li>Nou ka itilize enf\u00f2masyon yo pou p\u00e8sonalize sit ent\u00e8n\u00e8t la selon enter\u00e8 ou yo.<\/li><li>Nou p&#039;ap janm vann enf\u00f2masyon ou yo.<\/li><\/ul><\/div>\t\t\t\t\t\t\t\t<\/div>\n\t\t\t\t<\/div>\n\t\t\t\t<div class=\"elementor-element elementor-element-5793af6 elementor-widget elementor-widget-text-editor\" data-id=\"5793af6\" data-element_type=\"widget\" data-widget_type=\"text-editor.default\">\n\t\t\t\t<div class=\"elementor-widget-container\">\n\t\t\t\t\t\t\t\t\t<h3 style=\"font-style: normal;\">Sekirite<\/h3><div>Nou angaje nou pou asire ke enf\u00f2masyon ou yo an sekirite. Pou anpeche aks\u00e8 oswa divilgasyon san otorizasyon, nou mete an plas pwosedi fizik, elektwonik ak jesyon ki apwopriye pou pwoteje ak sekirize enf\u00f2masyon nou kolekte sou ent\u00e8n\u00e8t la.<\/div>\t\t\t\t\t\t\t\t<\/div>\n\t\t\t\t<\/div>\n\t\t\t\t<div class=\"elementor-element elementor-element-33e4d50 elementor-widget elementor-widget-text-editor\" data-id=\"33e4d50\" data-element_type=\"widget\" data-widget_type=\"text-editor.default\">\n\t\t\t\t<div class=\"elementor-widget-container\">\n\t\t\t\t\t\t\t\t\t<h3 style=\"font-style: normal;\">Kijan nou itilize bonbon yo<\/h3><p>Yon bonbon (cookie) se yon ti fichye ki mande p\u00e8misyon pou yo mete l sou dis lou \u00f2dinat\u00e8 w la. Yon fwa ou dak\u00f2, fichye a ajoute epi bonbon an ede analize trafik ent\u00e8n\u00e8t la oubyen f\u00e8 w konnen kil\u00e8 w vizite yon sit patikilye. Bonbon yo p\u00e8m\u00e8t aplikasyon ent\u00e8n\u00e8t yo reponn ou antanke yon moun. Aplikasyon ent\u00e8n\u00e8t la ka adapte operasyon li yo selon bezwen w, sa w renmen ak sa w pa renmen l\u00e8 l kolekte epi sonje enf\u00f2masyon sou preferans ou yo.<\/p><p>Nou itilize bonbon jounal trafik pou idantifye ki paj moun ap itilize. Sa ede nou analize done sou trafik paj w\u00e8b yo epi amelyore sit w\u00e8b nou an pou nou adapte l ak bezwen kliyan yo. Nou s\u00e8lman itilize enf\u00f2masyon sa a pou rezon analiz estatistik epi answit done yo retire nan sist\u00e8m nan.<\/p><p>An jeneral, bonbon yo ede nou ba ou yon pi bon sit ent\u00e8n\u00e8t, l\u00e8 yo p\u00e8m\u00e8t nou kontwole ki paj ou jwenn itil ak ki paj ou pa jwenn itil. Yon bonbon pa ban nou aks\u00e8 a \u00f2dinat\u00e8 w la oswa okenn enf\u00f2masyon sou ou, apa done ou chwazi pataje av\u00e8k nou yo.<\/p><p>Ou ka chwazi aksepte oswa refize bonbon yo. Pif\u00f2 navigat\u00e8 ent\u00e8n\u00e8t yo aksepte bonbon yo otomatikman, men anjeneral ou ka modifye param\u00e8t navigat\u00e8 w la pou refize bonbon yo si w prefere. Sa ka anpeche w pwofite tout avantaj sit ent\u00e8n\u00e8t la.<\/p>\t\t\t\t\t\t\t\t<\/div>\n\t\t\t\t<\/div>\n\t\t\t\t<div class=\"elementor-element elementor-element-7a0ecd6 elementor-widget elementor-widget-text-editor\" data-id=\"7a0ecd6\" data-element_type=\"widget\" data-widget_type=\"text-editor.default\">\n\t\t\t\t<div class=\"elementor-widget-container\">\n\t\t\t\t\t\t\t\t\t<h3 style=\"font-style: normal;\">Lyen ki mennen nan l\u00f2t sit ent\u00e8n\u00e8t<\/h3><p>Sitw\u00e8b nou an ka genyen lyen pou p\u00e8m\u00e8t ou vizite l\u00f2t sitw\u00e8b ki enterese w fasilman. Sepandan, yon fwa ou fin itilize lyen sa yo pou kite sit nou an, ou ta dwe sonje ke nou pa gen okenn kontw\u00f2l sou l\u00f2t sitw\u00e8b sa a. Se pout\u00e8t sa, nou pa ka responsab pou pwoteksyon ak vi prive okenn enf\u00f2masyon ou bay pandan w ap vizite sit sa yo epi sit sa yo pa gouv\u00e8ne pa deklarasyon sou vi prive sa a. Ou ta dwe f\u00e8 atansyon epi gade deklarasyon sou vi prive ki aplikab a sitw\u00e8b an kesyon an.<\/p>\t\t\t\t\t\t\t\t<\/div>\n\t\t\t\t<\/div>\n\t\t\t\t<div class=\"elementor-element elementor-element-62877ae elementor-widget elementor-widget-text-editor\" data-id=\"62877ae\" data-element_type=\"widget\" data-widget_type=\"text-editor.default\">\n\t\t\t\t<div class=\"elementor-widget-container\">\n\t\t\t\t\t\t\t\t\t<h3 style=\"font-style: normal;\">Kontwole enf\u00f2masyon p\u00e8son\u00e8l ou yo<\/h3><p>Nou p ap vann, distribye oswa lwe enf\u00f2masyon p\u00e8son\u00e8l ou bay twazy\u00e8m pati sof si nou gen p\u00e8misyon ou oswa lalwa egzije sa.<\/p><p>Si ou kw\u00e8 nenp\u00f2t enf\u00f2masyon nou genyen sou ou pa k\u00f2r\u00e8k oswa enkonpl\u00e8, tanpri ekri nou oswa voye yon im\u00e8l ba nou pi vit posib, PO BOX 11582 South Bend, IN 46634. Nou pral korije nenp\u00f2t enf\u00f2masyon ki pa k\u00f2r\u00e8k san p\u00e8di tan.<\/p>\t\t\t\t\t\t\t\t<\/div>\n\t\t\t\t<\/div>\n\t\t\t\t<div class=\"elementor-element elementor-element-f73a395 elementor-widget elementor-widget-text-editor\" data-id=\"f73a395\" data-element_type=\"widget\" data-widget_type=\"text-editor.default\">\n\t\t\t\t<div class=\"elementor-widget-container\">\n\t\t\t\t\t\t\t\t\t<h3 style=\"font-style: normal;\">Avi HMIS<\/h3><p>N\u00f2m sou vi prive ak sekirite yo, jan sa dekri nan <b><a href=\"https:\/\/www.hudexchange.info\/resource\/1318\/2004-hmis-data-and-technical-standards-final-notice\/\">Avi sou Done ak N\u00f2m Teknik 2004 la<\/a><\/b>, chache pwoteje konfidansyalite enf\u00f2masyon p\u00e8son\u00e8l yo tout pandan y ap p\u00e8m\u00e8t itilizasyon ak divilgasyon done ki rezonab, responsab, ak limite. N\u00f2m konfidansyalite ak sekirite sa yo baze sou prensip pratik enf\u00f2masyon ki jis ak sou n\u00f2m sekirite ke kominote konfidansyalite ak teknoloji enf\u00f2masyon yo rekon\u00e8t. N\u00f2m yo te devlope apre yon revizyon atansyon sou n\u00f2m Lwa sou Portabilite ak Responsablite Asirans Sante (HIPAA) pou sekirize ak pwoteje enf\u00f2masyon pasyan yo. Kominote yo dwe kontinye itilize Avi 2004 la pou aplike HMIS yo.<\/p>\t\t\t\t\t\t\t\t<\/div>\n\t\t\t\t<\/div>\n\t\t\t\t<div class=\"elementor-element elementor-element-1d82628 elementor-widget elementor-widget-text-editor\" data-id=\"1d82628\" data-element_type=\"widget\" data-widget_type=\"text-editor.default\">\n\t\t\t\t<div class=\"elementor-widget-container\">\n\t\t\t\t\t\t\t\t\t<h3 style=\"font-style: normal;\">Avi sou Konfidansyalite ak Sekirite HMIS<\/h3><p>La <b><a href=\"https:\/\/www.hudexchange.info\/resource\/1318\/2004-hmis-data-and-technical-standards-final-notice\/\">Avi sou Done ak N\u00f2m Teknik 2004 la<\/a><\/b>\u00a0etabli egzijans debaz kons\u00e8nan vi prive ak sekirite done nivo kliyan ak sist\u00e8m HMIS yo. Avi sou Konfidansyalite ak Sekirite HMIS la pral bay kominote yo plis kons\u00e8y sou pwobl\u00e8m sa yo pou kominote yo ka evalye r\u00e8gleman ak pwosedi akty\u00e8l yo epi f\u00e8 ajisteman kote sa neses\u00e8 pou yo konf\u00f2me yo av\u00e8k R\u00e8g ak Avi HMIS yo.<\/p>\t\t\t\t\t\t\t\t<\/div>\n\t\t\t\t<\/div>\n\t\t\t\t<div class=\"elementor-element elementor-element-a6fb9a4 elementor-hidden-desktop elementor-hidden-tablet elementor-hidden-mobile elementor-widget elementor-widget-button\" data-id=\"a6fb9a4\" data-element_type=\"widget\" data-widget_type=\"button.default\">\n\t\t\t\t<div class=\"elementor-widget-container\">\n\t\t\t\t\t\t\t\t\t<div class=\"elementor-button-wrapper\">\n\t\t\t\t\t<a class=\"elementor-button elementor-button-link elementor-size-sm\" href=\"http:\/\/www.aidsministries.org\/uploads\/7\/3\/7\/2\/73727293\/2023-hmis-notice-and-posting-of-security-practices-v4.pdf\" target=\"_blank\">\n\t\t\t\t\t\t<span class=\"elementor-button-content-wrapper\">\n\t\t\t\t\t\t\t\t\t<span class=\"elementor-button-text\">Telechaje R\u00e8gleman sou enf\u00f2masyon prive<\/span>\n\t\t\t\t\t<\/span>\n\t\t\t\t\t<\/a>\n\t\t\t\t<\/div>\n\t\t\t\t\t\t\t\t<\/div>\n\t\t\t\t<\/div>\n\t\t\t\t\t<\/div>\n\t\t<\/div>\n\t\t\t\t\t<\/div>\n\t\t<\/section>\n\t\t\t\t<\/div>","protected":false},"excerpt":{"rendered":"<p>R\u00e8gleman sou konfidansyalite sa a dekri kijan Health Plus Indiana itilize ak pwoteje nenp\u00f2t enf\u00f2masyon ou bay Health Plus Indiana l\u00e8 w ap itilize sit ent\u00e8n\u00e8t sa a. Health Plus Indiana angaje l [\u2026]<\/p>","protected":false},"author":1,"featured_media":0,"parent":55,"menu_order":4,"comment_status":"closed","ping_status":"closed","template":"","meta":{"_acf_changed":false,"site-sidebar-layout":"no-sidebar","site-content-layout":"page-builder","ast-site-content-layout":"default","site-content-style":"default","site-sidebar-style":"default","ast-global-header-display":"","ast-banner-title-visibility":"","ast-main-header-display":"","ast-hfb-above-header-display":"","ast-hfb-below-header-display":"","ast-hfb-mobile-header-display":"","site-post-title":"disabled","ast-breadcrumbs-content":"","ast-featured-img":"disabled","footer-sml-layout":"","ast-disable-related-posts":"","theme-transparent-header-meta":"default","adv-header-id-meta":"","stick-header-meta":"","header-above-stick-meta":"","header-main-stick-meta":"","header-below-stick-meta":"","astra-migrate-meta-layouts":"default","ast-page-background-enabled":"default","ast-page-background-meta":{"desktop":{"background-color":"var(--ast-global-color-4)","background-image":"","background-repeat":"repeat","background-position":"center center","background-size":"auto","background-attachment":"scroll","background-type":"","background-media":"","overlay-type":"","overlay-color":"","overlay-opacity":"","overlay-gradient":""},"tablet":{"background-color":"","background-image":"","background-repeat":"repeat","background-position":"center center","background-size":"auto","background-attachment":"scroll","background-type":"","background-media":"","overlay-type":"","overlay-color":"","overlay-opacity":"","overlay-gradient":""},"mobile":{"background-color":"","background-image":"","background-repeat":"repeat","background-position":"center center","background-size":"auto","background-attachment":"scroll","background-type":"","background-media":"","overlay-type":"","overlay-color":"","overlay-opacity":"","overlay-gradient":""}},"ast-content-background-meta":{"desktop":{"background-color":"var(--ast-global-color-5)","background-image":"","background-repeat":"repeat","background-position":"center center","background-size":"auto","background-attachment":"scroll","background-type":"","background-media":"","overlay-type":"","overlay-color":"","overlay-opacity":"","overlay-gradient":""},"tablet":{"background-color":"var(--ast-global-color-5)","background-image":"","background-repeat":"repeat","background-position":"center center","background-size":"auto","background-attachment":"scroll","background-type":"","background-media":"","overlay-type":"","overlay-color":"","overlay-opacity":"","overlay-gradient":""},"mobile":{"background-color":"var(--ast-global-color-5)","background-image":"","background-repeat":"repeat","background-position":"center center","background-size":"auto","background-attachment":"scroll","background-type":"","background-media":"","overlay-type":"","overlay-color":"","overlay-opacity":"","overlay-gradient":""}},"footnotes":""},"class_list":["post-2029","page","type-page","status-publish","hentry"],"acf":[],"_links":{"self":[{"href":"https:\/\/healthplusin.org\/ht\/wp-json\/wp\/v2\/pages\/2029","targetHints":{"allow":["GET"]}}],"collection":[{"href":"https:\/\/healthplusin.org\/ht\/wp-json\/wp\/v2\/pages"}],"about":[{"href":"https:\/\/healthplusin.org\/ht\/wp-json\/wp\/v2\/types\/page"}],"author":[{"embeddable":true,"href":"https:\/\/healthplusin.org\/ht\/wp-json\/wp\/v2\/users\/1"}],"replies":[{"embeddable":true,"href":"https:\/\/healthplusin.org\/ht\/wp-json\/wp\/v2\/comments?post=2029"}],"version-history":[{"count":0,"href":"https:\/\/healthplusin.org\/ht\/wp-json\/wp\/v2\/pages\/2029\/revisions"}],"up":[{"embeddable":true,"href":"https:\/\/healthplusin.org\/ht\/wp-json\/wp\/v2\/pages\/55"}],"wp:attachment":[{"href":"https:\/\/healthplusin.org\/ht\/wp-json\/wp\/v2\/media?parent=2029"}],"curies":[{"name":"wp","href":"https:\/\/api.w.org\/{rel}","templated":true}]}}