{"id":3819,"date":"2023-05-31T18:54:21","date_gmt":"2023-05-31T18:54:21","guid":{"rendered":"https:\/\/healthplusin.org\/?page_id=3819"},"modified":"2023-05-31T19:17:54","modified_gmt":"2023-05-31T19:17:54","slug":"education","status":"publish","type":"page","link":"https:\/\/healthplusin.org\/es\/education\/","title":{"rendered":"Educaci\u00f3n"},"content":{"rendered":"<p><strong>Educaci\u00f3n para la reducci\u00f3n del riesgo de VIH\/SIDA<\/strong><\/p>\n<p>El programa educativo se centra en la concientizaci\u00f3n sobre el VIH\/SIDA, su prevenci\u00f3n y la preocupaci\u00f3n social. Las sesiones educativas sobre la reducci\u00f3n del riesgo de VIH\/SIDA consisten en VIH\/SIDA\/ETS 101 y habilidades de prevenci\u00f3n.<\/p>\n<p>Las presentaciones sobre educaci\u00f3n para la reducci\u00f3n del riesgo de VIH\/SIDA est\u00e1n disponibles para escuelas, iglesias, centros de tratamiento de drogas, grupos juveniles y cualquier otro grupo interesado en sesiones educativas. Si desea programar una presentaci\u00f3n sobre educaci\u00f3n para la reducci\u00f3n del riesgo de VIH\/SIDA, comun\u00edquese con Stephanie al 574-234-2870, extensi\u00f3n 30.<\/p>\n<p>La informaci\u00f3n relacionada con la infecci\u00f3n y transmisi\u00f3n del VIH, as\u00ed como la intervenci\u00f3n en casos de crisis, tambi\u00e9n est\u00e1 disponible para el p\u00fablico en general de lunes a viernes, de 8:30 a. m. a 4:30 p. m.<\/p>\n<p>El programa educativo tambi\u00e9n est\u00e1 disponible para ferias de salud y eventos comunitarios, y se organizan eventos de concientizaci\u00f3n para d\u00edas festivos relacionados con el VIH, como el D\u00eda Nacional de Concientizaci\u00f3n sobre el VIH\/SIDA en la Comunidad Afroamericana, el D\u00eda Nacional de Concientizaci\u00f3n sobre el VIH\/SIDA en Mujeres y Ni\u00f1as, el D\u00eda Nacional de Pruebas de VIH y el D\u00eda Mundial del SIDA.<\/p>\n<p>Tambi\u00e9n proporcionamos informaci\u00f3n sobre: conductas de riesgo en la transmisi\u00f3n, materiales de lectura y videos relacionados con el VIH\/SIDA, y art\u00edculos\/materiales sobre terapias farmacol\u00f3gicas contra el VIH.<\/p>\n<p>Recuerda que\u00a0<strong>La prevenci\u00f3n es la clave.<\/strong>\u00a0\u00a1Acabemos con esta enfermedad!<\/p>\n<p>Para obtener m\u00e1s informaci\u00f3n sobre la transmisi\u00f3n del VIH\/SIDA, aqu\u00ed hay algunos enlaces que pueden ser \u00fatiles:<br \/>\n<a href=\"http:\/\/www.thebody.com\/\" target=\"_blank\" rel=\"noopener\">\u201cRecurso de informaci\u00f3n sobre el VIH\/SIDA \u201dThe Body\u00bb<\/a><br \/>\n<a href=\"http:\/\/www.in.gov\/isdh\/17397.htm\" target=\"_blank\" rel=\"noopener\">Divisi\u00f3n de VIH\/ETS del Departamento de Salud P\u00fablica de Indiana (ISDH)<\/a><br \/>\n<a href=\"https:\/\/www.cdc.gov\/hiv\/basics\/prevention.html\" target=\"_blank\" rel=\"noopener\">Centro para el Control de Enfermedades Prevenci\u00f3n del VIH\u00a0<\/a><\/p>","protected":false},"excerpt":{"rendered":"<p>HIV\/AIDS Risk Reduction Education The education program is concerned with raising HIV\/AIDS awareness, prevention and social concern. HIV\/AIDS Risk Reduction education sessions consist of HIV\/AIDS\/STD 101 and Prevention skills. HIV\/AIDS [&hellip;]<\/p>","protected":false},"author":1,"featured_media":0,"parent":0,"menu_order":0,"comment_status":"closed","ping_status":"closed","template":"","meta":{"_acf_changed":false,"site-sidebar-layout":"default","site-content-layout":"default","ast-site-content-layout":"default","site-content-style":"default","site-sidebar-style":"default","ast-global-header-display":"","ast-banner-title-visibility":"","ast-main-header-display":"","ast-hfb-above-header-display":"","ast-hfb-below-header-display":"","ast-hfb-mobile-header-display":"","site-post-title":"","ast-breadcrumbs-content":"","ast-featured-img":"","footer-sml-layout":"","ast-disable-related-posts":"","theme-transparent-header-meta":"default","adv-header-id-meta":"","stick-header-meta":"","header-above-stick-meta":"","header-main-stick-meta":"","header-below-stick-meta":"","astra-migrate-meta-layouts":"default","ast-page-background-enabled":"default","ast-page-background-meta":{"desktop":{"background-color":"var(--ast-global-color-4)","background-image":"","background-repeat":"repeat","background-position":"center center","background-size":"auto","background-attachment":"scroll","background-type":"","background-media":"","overlay-type":"","overlay-color":"","overlay-opacity":"","overlay-gradient":""},"tablet":{"background-color":"","background-image":"","background-repeat":"repeat","background-position":"center center","background-size":"auto","background-attachment":"scroll","background-type":"","background-media":"","overlay-type":"","overlay-color":"","overlay-opacity":"","overlay-gradient":""},"mobile":{"background-color":"","background-image":"","background-repeat":"repeat","background-position":"center center","background-size":"auto","background-attachment":"scroll","background-type":"","background-media":"","overlay-type":"","overlay-color":"","overlay-opacity":"","overlay-gradient":""}},"ast-content-background-meta":{"desktop":{"background-color":"var(--ast-global-color-5)","background-image":"","background-repeat":"repeat","background-position":"center center","background-size":"auto","background-attachment":"scroll","background-type":"","background-media":"","overlay-type":"","overlay-color":"","overlay-opacity":"","overlay-gradient":""},"tablet":{"background-color":"var(--ast-global-color-5)","background-image":"","background-repeat":"repeat","background-position":"center center","background-size":"auto","background-attachment":"scroll","background-type":"","background-media":"","overlay-type":"","overlay-color":"","overlay-opacity":"","overlay-gradient":""},"mobile":{"background-color":"var(--ast-global-color-5)","background-image":"","background-repeat":"repeat","background-position":"center center","background-size":"auto","background-attachment":"scroll","background-type":"","background-media":"","overlay-type":"","overlay-color":"","overlay-opacity":"","overlay-gradient":""}},"footnotes":""},"class_list":["post-3819","page","type-page","status-publish","hentry"],"acf":[],"_links":{"self":[{"href":"https:\/\/healthplusin.org\/es\/wp-json\/wp\/v2\/pages\/3819","targetHints":{"allow":["GET"]}}],"collection":[{"href":"https:\/\/healthplusin.org\/es\/wp-json\/wp\/v2\/pages"}],"about":[{"href":"https:\/\/healthplusin.org\/es\/wp-json\/wp\/v2\/types\/page"}],"author":[{"embeddable":true,"href":"https:\/\/healthplusin.org\/es\/wp-json\/wp\/v2\/users\/1"}],"replies":[{"embeddable":true,"href":"https:\/\/healthplusin.org\/es\/wp-json\/wp\/v2\/comments?post=3819"}],"version-history":[{"count":0,"href":"https:\/\/healthplusin.org\/es\/wp-json\/wp\/v2\/pages\/3819\/revisions"}],"wp:attachment":[{"href":"https:\/\/healthplusin.org\/es\/wp-json\/wp\/v2\/media?parent=3819"}],"curies":[{"name":"wp","href":"https:\/\/api.w.org\/{rel}","templated":true}]}}