{"id":2029,"date":"2022-02-08T11:08:34","date_gmt":"2022-02-08T11:08:34","guid":{"rendered":"https:\/\/healthplusin.org\/?page_id=2029"},"modified":"2024-11-20T11:18:46","modified_gmt":"2024-11-20T16:18:46","slug":"privacy-policy","status":"publish","type":"page","link":"https:\/\/healthplusin.org\/es\/about-us\/privacy-policy\/","title":{"rendered":"Pol\u00edtica de privacidad"},"content":{"rendered":"<div data-elementor-type=\"wp-page\" data-elementor-id=\"2029\" class=\"elementor elementor-2029\" data-elementor-post-type=\"page\">\n\t\t\t\t\t\t<section class=\"elementor-section elementor-top-section elementor-element elementor-element-6c40509 elementor-section-boxed elementor-section-height-default elementor-section-height-default\" data-id=\"6c40509\" data-element_type=\"section\">\n\t\t\t\t\t\t<div class=\"elementor-container elementor-column-gap-default\">\n\t\t\t\t\t<div class=\"elementor-column elementor-col-100 elementor-top-column elementor-element elementor-element-80249c8\" data-id=\"80249c8\" data-element_type=\"column\">\n\t\t\t<div class=\"elementor-widget-wrap elementor-element-populated\">\n\t\t\t\t\t\t<div class=\"elementor-element elementor-element-bd74b29 elementor-widget__width-initial elementor-widget elementor-widget-text-editor\" data-id=\"bd74b29\" data-element_type=\"widget\" data-widget_type=\"text-editor.default\">\n\t\t\t\t<div class=\"elementor-widget-container\">\n\t\t\t\t\t\t\t\t\t<p>Esta pol\u00edtica de privacidad establece c\u00f3mo Health Plus Indiana utiliza y protege cualquier informaci\u00f3n que usted proporcione a Health Plus Indiana cuando utiliza este sitio web. Health Plus Indiana se compromete a garantizar la protecci\u00f3n de su privacidad. Si le pedimos que nos proporcione cierta informaci\u00f3n que le identifique cuando utilice este sitio web, puede estar seguro de que solo se utilizar\u00e1 de acuerdo con esta declaraci\u00f3n de privacidad. Health Plus Indiana puede modificar esta pol\u00edtica peri\u00f3dicamente actualizando esta p\u00e1gina. Debe consultar esta p\u00e1gina de vez en cuando para asegurarse de que est\u00e1 de acuerdo con los cambios. Esta pol\u00edtica entra en vigor a partir del 1 de abril de 2013.\u00a0<\/p><h3>Lo que recopilamos<\/h3><p>Podemos recopilar la siguiente informaci\u00f3n:<\/p><ul><li>Nombre<\/li><li>Informaci\u00f3n de contacto, incluida la direcci\u00f3n de correo electr\u00f3nico.<\/li><li>Otra informaci\u00f3n relevante para encuestas a clientes y\/u ofertas.<\/li><\/ul>\t\t\t\t\t\t\t\t<\/div>\n\t\t\t\t<\/div>\n\t\t\t\t<div class=\"elementor-element elementor-element-b639aa9 elementor-widget elementor-widget-text-editor\" data-id=\"b639aa9\" data-element_type=\"widget\" data-widget_type=\"text-editor.default\">\n\t\t\t\t<div class=\"elementor-widget-container\">\n\t\t\t\t\t\t\t\t\t<div><h3 style=\"font-style: normal;\">Qu\u00e9 hacemos con la informaci\u00f3n que recopilamos<\/h3><\/div><div><p>Necesitamos esta informaci\u00f3n para comprender sus necesidades y ofrecerle un mejor servicio, en particular por los siguientes motivos:<\/p><ul><li>Mantenimiento de registros internos.<\/li><li>Podemos utilizar la informaci\u00f3n para mejorar nuestros productos y servicios.<\/li><li>Podemos enviarle peri\u00f3dicamente correos electr\u00f3nicos promocionales sobre nuevos productos, ofertas especiales u otra informaci\u00f3n que consideremos que pueda resultarle interesante a la direcci\u00f3n de correo electr\u00f3nico que nos ha proporcionado.<\/li><li>De vez en cuando, tambi\u00e9n podemos utilizar su informaci\u00f3n para ponernos en contacto con usted con fines de investigaci\u00f3n de mercado. Podemos ponernos en contacto con usted por correo electr\u00f3nico, tel\u00e9fono, fax o correo postal.<\/li><li>Podemos utilizar la informaci\u00f3n para personalizar el sitio web seg\u00fan sus intereses.<\/li><li>Nunca venderemos su informaci\u00f3n.<\/li><\/ul><\/div>\t\t\t\t\t\t\t\t<\/div>\n\t\t\t\t<\/div>\n\t\t\t\t<div class=\"elementor-element elementor-element-5793af6 elementor-widget elementor-widget-text-editor\" data-id=\"5793af6\" data-element_type=\"widget\" data-widget_type=\"text-editor.default\">\n\t\t\t\t<div class=\"elementor-widget-container\">\n\t\t\t\t\t\t\t\t\t<h3 style=\"font-style: normal;\">Seguridad<\/h3><div>Nos comprometemos a garantizar la seguridad de su informaci\u00f3n. Con el fin de evitar el acceso o la divulgaci\u00f3n no autorizados, hemos implementado procedimientos f\u00edsicos, electr\u00f3nicos y administrativos adecuados para salvaguardar y proteger la informaci\u00f3n que recopilamos en l\u00ednea.<\/div>\t\t\t\t\t\t\t\t<\/div>\n\t\t\t\t<\/div>\n\t\t\t\t<div class=\"elementor-element elementor-element-33e4d50 elementor-widget elementor-widget-text-editor\" data-id=\"33e4d50\" data-element_type=\"widget\" data-widget_type=\"text-editor.default\">\n\t\t\t\t<div class=\"elementor-widget-container\">\n\t\t\t\t\t\t\t\t\t<h3 style=\"font-style: normal;\">C\u00f3mo utilizamos las cookies<\/h3><p>Una cookie es un peque\u00f1o archivo que solicita permiso para instalarse en el disco duro de su computadora. Una vez que usted da su consentimiento, el archivo se a\u00f1ade y la cookie ayuda a analizar el tr\u00e1fico web o le informa cuando visita un sitio en particular. Las cookies permiten que las aplicaciones web le respondan de forma personalizada. La aplicaci\u00f3n web puede adaptar su funcionamiento a sus necesidades y gustos recopilando y recordando informaci\u00f3n sobre sus preferencias.<\/p><p>Utilizamos cookies de registro de tr\u00e1fico para identificar qu\u00e9 p\u00e1ginas se est\u00e1n utilizando. Esto nos ayuda a analizar los datos sobre el tr\u00e1fico de la p\u00e1gina web y a mejorar nuestro sitio web con el fin de adaptarlo a las necesidades de los clientes. Solo utilizamos esta informaci\u00f3n con fines de an\u00e1lisis estad\u00edstico y, posteriormente, los datos se eliminan del sistema.<\/p><p>En general, las cookies nos ayudan a ofrecerte un sitio web mejor, ya que nos permiten supervisar qu\u00e9 p\u00e1ginas te resultan \u00fatiles y cu\u00e1les no. Una cookie no nos da acceso en modo alguno a tu computadora ni a ninguna informaci\u00f3n sobre ti, salvo los datos que t\u00fa decidas compartir con nosotros.<\/p><p>Puede elegir entre aceptar o rechazar las cookies. La mayor\u00eda de los navegadores web aceptan autom\u00e1ticamente las cookies, pero normalmente puede modificar la configuraci\u00f3n de su navegador para rechazarlas si lo prefiere. Esto puede impedirle aprovechar al m\u00e1ximo el sitio web.<\/p>\t\t\t\t\t\t\t\t<\/div>\n\t\t\t\t<\/div>\n\t\t\t\t<div class=\"elementor-element elementor-element-7a0ecd6 elementor-widget elementor-widget-text-editor\" data-id=\"7a0ecd6\" data-element_type=\"widget\" data-widget_type=\"text-editor.default\">\n\t\t\t\t<div class=\"elementor-widget-container\">\n\t\t\t\t\t\t\t\t\t<h3 style=\"font-style: normal;\">Enlaces a otros sitios web<\/h3><p>Nuestro sitio web puede contener enlaces que le permitan visitar f\u00e1cilmente otros sitios web de inter\u00e9s. Sin embargo, una vez que haya utilizado estos enlaces para salir de nuestro sitio, debe tener en cuenta que no tenemos ning\u00fan control sobre ese otro sitio web. Por lo tanto, no podemos responsabilizarnos de la protecci\u00f3n y la privacidad de cualquier informaci\u00f3n que usted proporcione mientras visita dichos sitios, los cuales no se rigen por esta declaraci\u00f3n de privacidad. Debe actuar con precauci\u00f3n y consultar la declaraci\u00f3n de privacidad aplicable al sitio web en cuesti\u00f3n.<\/p>\t\t\t\t\t\t\t\t<\/div>\n\t\t\t\t<\/div>\n\t\t\t\t<div class=\"elementor-element elementor-element-62877ae elementor-widget elementor-widget-text-editor\" data-id=\"62877ae\" data-element_type=\"widget\" data-widget_type=\"text-editor.default\">\n\t\t\t\t<div class=\"elementor-widget-container\">\n\t\t\t\t\t\t\t\t\t<h3 style=\"font-style: normal;\">Control de su informaci\u00f3n personal<\/h3><p>No venderemos, distribuiremos ni alquilaremos su informaci\u00f3n personal a terceros a menos que tengamos su permiso o que lo exija la ley.<\/p><p>Si considera que cualquier informaci\u00f3n que tenemos sobre usted es incorrecta o est\u00e1 incompleta, escr\u00edbanos o env\u00edenos un correo electr\u00f3nico lo antes posible a PO BOX 11582 South Bend, IN 46634. Corregiremos de inmediato cualquier informaci\u00f3n que sea incorrecta.<\/p>\t\t\t\t\t\t\t\t<\/div>\n\t\t\t\t<\/div>\n\t\t\t\t<div class=\"elementor-element elementor-element-f73a395 elementor-widget elementor-widget-text-editor\" data-id=\"f73a395\" data-element_type=\"widget\" data-widget_type=\"text-editor.default\">\n\t\t\t\t<div class=\"elementor-widget-container\">\n\t\t\t\t\t\t\t\t\t<h3 style=\"font-style: normal;\">Aviso del HMIS<\/h3><p>Las normas de privacidad y seguridad, tal y como se describen en el <b><a href=\"https:\/\/www.hudexchange.info\/resource\/1318\/2004-hmis-data-and-technical-standards-final-notice\/\">Aviso sobre datos y normas t\u00e9cnicas de 2004<\/a><\/b>, buscan proteger la confidencialidad de la informaci\u00f3n personal al tiempo que permiten usos y divulgaciones razonables, responsables y limitados de los datos. Estas normas de privacidad y seguridad se basan en principios de pr\u00e1cticas justas de informaci\u00f3n y en normas de seguridad reconocidas por las comunidades de privacidad y tecnolog\u00eda de la informaci\u00f3n. Las normas se desarrollaron tras una revisi\u00f3n minuciosa de las normas de la Ley de Portabilidad y Responsabilidad del Seguro M\u00e9dico (HIPAA) para asegurar y proteger la informaci\u00f3n de los pacientes. Se espera que las comunidades contin\u00faen utilizando el Aviso de 2004 para implementar su HMIS.<\/p>\t\t\t\t\t\t\t\t<\/div>\n\t\t\t\t<\/div>\n\t\t\t\t<div class=\"elementor-element elementor-element-1d82628 elementor-widget elementor-widget-text-editor\" data-id=\"1d82628\" data-element_type=\"widget\" data-widget_type=\"text-editor.default\">\n\t\t\t\t<div class=\"elementor-widget-container\">\n\t\t\t\t\t\t\t\t\t<h3 style=\"font-style: normal;\">Aviso de privacidad y seguridad del HMIS<\/h3><p>El <b><a href=\"https:\/\/www.hudexchange.info\/resource\/1318\/2004-hmis-data-and-technical-standards-final-notice\/\">Aviso sobre datos y normas t\u00e9cnicas de 2004<\/a><\/b>\u00a0establece los requisitos b\u00e1sicos en materia de privacidad y seguridad de los datos a nivel de cliente y los sistemas HMIS. El Aviso de privacidad y seguridad del HMIS proporcionar\u00e1 a las comunidades m\u00e1s orientaci\u00f3n sobre estas cuestiones, de modo que puedan evaluar sus pol\u00edticas y procedimientos actuales y realizar los ajustes necesarios para cumplir con la Norma y los Avisos del HMIS.<\/p>\t\t\t\t\t\t\t\t<\/div>\n\t\t\t\t<\/div>\n\t\t\t\t<div class=\"elementor-element elementor-element-a6fb9a4 elementor-hidden-desktop elementor-hidden-tablet elementor-hidden-mobile elementor-widget elementor-widget-button\" data-id=\"a6fb9a4\" data-element_type=\"widget\" data-widget_type=\"button.default\">\n\t\t\t\t<div class=\"elementor-widget-container\">\n\t\t\t\t\t\t\t\t\t<div class=\"elementor-button-wrapper\">\n\t\t\t\t\t<a class=\"elementor-button elementor-button-link elementor-size-sm\" href=\"http:\/\/www.aidsministries.org\/uploads\/7\/3\/7\/2\/73727293\/2023-hmis-notice-and-posting-of-security-practices-v4.pdf\" target=\"_blank\">\n\t\t\t\t\t\t<span class=\"elementor-button-content-wrapper\">\n\t\t\t\t\t\t\t\t\t<span class=\"elementor-button-text\">Descargar Pol\u00edtica de privacidad<\/span>\n\t\t\t\t\t<\/span>\n\t\t\t\t\t<\/a>\n\t\t\t\t<\/div>\n\t\t\t\t\t\t\t\t<\/div>\n\t\t\t\t<\/div>\n\t\t\t\t\t<\/div>\n\t\t<\/div>\n\t\t\t\t\t<\/div>\n\t\t<\/section>\n\t\t\t\t<\/div>","protected":false},"excerpt":{"rendered":"<p>This privacy policy sets out how Health Plus Indiana uses and protects any information that you give Health Plus Indiana when you use this website. Health Plus Indiana is committed [&hellip;]<\/p>","protected":false},"author":1,"featured_media":0,"parent":55,"menu_order":4,"comment_status":"closed","ping_status":"closed","template":"","meta":{"_acf_changed":false,"site-sidebar-layout":"no-sidebar","site-content-layout":"page-builder","ast-site-content-layout":"default","site-content-style":"default","site-sidebar-style":"default","ast-global-header-display":"","ast-banner-title-visibility":"","ast-main-header-display":"","ast-hfb-above-header-display":"","ast-hfb-below-header-display":"","ast-hfb-mobile-header-display":"","site-post-title":"disabled","ast-breadcrumbs-content":"","ast-featured-img":"disabled","footer-sml-layout":"","ast-disable-related-posts":"","theme-transparent-header-meta":"default","adv-header-id-meta":"","stick-header-meta":"","header-above-stick-meta":"","header-main-stick-meta":"","header-below-stick-meta":"","astra-migrate-meta-layouts":"default","ast-page-background-enabled":"default","ast-page-background-meta":{"desktop":{"background-color":"var(--ast-global-color-4)","background-image":"","background-repeat":"repeat","background-position":"center center","background-size":"auto","background-attachment":"scroll","background-type":"","background-media":"","overlay-type":"","overlay-color":"","overlay-opacity":"","overlay-gradient":""},"tablet":{"background-color":"","background-image":"","background-repeat":"repeat","background-position":"center center","background-size":"auto","background-attachment":"scroll","background-type":"","background-media":"","overlay-type":"","overlay-color":"","overlay-opacity":"","overlay-gradient":""},"mobile":{"background-color":"","background-image":"","background-repeat":"repeat","background-position":"center center","background-size":"auto","background-attachment":"scroll","background-type":"","background-media":"","overlay-type":"","overlay-color":"","overlay-opacity":"","overlay-gradient":""}},"ast-content-background-meta":{"desktop":{"background-color":"var(--ast-global-color-5)","background-image":"","background-repeat":"repeat","background-position":"center center","background-size":"auto","background-attachment":"scroll","background-type":"","background-media":"","overlay-type":"","overlay-color":"","overlay-opacity":"","overlay-gradient":""},"tablet":{"background-color":"var(--ast-global-color-5)","background-image":"","background-repeat":"repeat","background-position":"center center","background-size":"auto","background-attachment":"scroll","background-type":"","background-media":"","overlay-type":"","overlay-color":"","overlay-opacity":"","overlay-gradient":""},"mobile":{"background-color":"var(--ast-global-color-5)","background-image":"","background-repeat":"repeat","background-position":"center center","background-size":"auto","background-attachment":"scroll","background-type":"","background-media":"","overlay-type":"","overlay-color":"","overlay-opacity":"","overlay-gradient":""}},"footnotes":""},"class_list":["post-2029","page","type-page","status-publish","hentry"],"acf":[],"_links":{"self":[{"href":"https:\/\/healthplusin.org\/es\/wp-json\/wp\/v2\/pages\/2029","targetHints":{"allow":["GET"]}}],"collection":[{"href":"https:\/\/healthplusin.org\/es\/wp-json\/wp\/v2\/pages"}],"about":[{"href":"https:\/\/healthplusin.org\/es\/wp-json\/wp\/v2\/types\/page"}],"author":[{"embeddable":true,"href":"https:\/\/healthplusin.org\/es\/wp-json\/wp\/v2\/users\/1"}],"replies":[{"embeddable":true,"href":"https:\/\/healthplusin.org\/es\/wp-json\/wp\/v2\/comments?post=2029"}],"version-history":[{"count":0,"href":"https:\/\/healthplusin.org\/es\/wp-json\/wp\/v2\/pages\/2029\/revisions"}],"up":[{"embeddable":true,"href":"https:\/\/healthplusin.org\/es\/wp-json\/wp\/v2\/pages\/55"}],"wp:attachment":[{"href":"https:\/\/healthplusin.org\/es\/wp-json\/wp\/v2\/media?parent=2029"}],"curies":[{"name":"wp","href":"https:\/\/api.w.org\/{rel}","templated":true}]}}